{"id":3118,"date":"2022-10-10T15:52:58","date_gmt":"2022-10-10T13:52:58","guid":{"rendered":"https:\/\/lasmanosdeana.com\/?post_type=product&#038;p=3118"},"modified":"2023-04-08T10:51:14","modified_gmt":"2023-04-08T08:51:14","slug":"harry-potter-amigurimi","status":"publish","type":"product","link":"https:\/\/lasmanosdeana.com\/index.php\/producto\/harry-potter-amigurimi\/","title":{"rendered":"Harry Potter amigurimi"},"content":{"rendered":"<p>\u00a1Emb\u00e1rcate en una aventura m\u00e1gica con nuestro amigurumi de Harry Potter\u00a0 que har\u00e1 todos tus hechizos realidad! Este juguete de ganchillo de alta calidad es la adici\u00f3n perfecta a la colecci\u00f3n de cualquier fan de Harry Potter. Con su bufanda de Gryffindor y su ic\u00f3nica cicatriz en la frente, nuestro amigurumi de Harry Potter es una r\u00e9plica detallada del famoso mago.<\/p>\n<p>Hecho a mano con hilos suaves y duraderos, nuestro amigurumi de Harry Potter es el compa\u00f1ero perfecto para cualquier ni\u00f1o o adulto que quiera tener un poco de magia en su vida. Adem\u00e1s, su tama\u00f1o compacto lo hace perfecto para llevarlo contigo donde quiera que vayas, ya sea a Hogwarts o a la oficina.<\/p>\n<p>Ya sea que lo est\u00e9s comprando para ti mismo o para un amigo, nuestro amigurumi de Harry Potter es el regalo perfecto para cualquier fan\u00e1tico de la serie. \u00a1P\u00eddelo hoy y d\u00e9jate llevar por la magia!<\/p>\n","protected":false},"excerpt":{"rendered":"<p>\u00a1Emb\u00e1rcate en una aventura m\u00e1gica con nuestro amigurumi de Harry Potter\u00a0 que har\u00e1 todos tus hechizos realidad! Este juguete de ganchillo de alta calidad es la adici\u00f3n perfecta a la colecci\u00f3n de cualquier fan de Harry Potter. Con su bufanda de Gryffindor y su ic\u00f3nica cicatriz en la frente, nuestro amigurumi de Harry Potter es [&hellip;]<\/p>\n","protected":false},"featured_media":3120,"comment_status":"closed","ping_status":"closed","template":"","meta":{"_monsterinsights_skip_tracking":false,"_monsterinsights_sitenote_active":false,"_monsterinsights_sitenote_note":"","_monsterinsights_sitenote_category":0},"product_brand":[],"product_cat":[81],"product_tag":[],"class_list":{"0":"post-3118","1":"product","2":"type-product","3":"status-publish","4":"has-post-thumbnail","6":"product_cat-amigurimis","8":"first","9":"instock","10":"shipping-taxable","11":"purchasable","12":"product-type-simple"},"yoast_head":"<!-- This site is optimized with the Yoast SEO plugin v27.1.1 - https:\/\/yoast.com\/product\/yoast-seo-wordpress\/ -->\n<title>Harry Potter amigurimi - Las manos de Ana<\/title>\n<meta name=\"description\" content=\"Consigue tu propio mu\u00f1eco de Harry Potter amigurumi. Una adorable versi\u00f3n tejida del famoso mago, ideal para coleccionar o regalar a cualquier fan de la saga.\" \/>\n<meta name=\"robots\" content=\"index, follow, max-snippet:-1, max-image-preview:large, max-video-preview:-1\" \/>\n<link rel=\"canonical\" href=\"https:\/\/lasmanosdeana.com\/index.php\/producto\/harry-potter-amigurimi\/\" \/>\n<meta property=\"og:locale\" content=\"es_ES\" \/>\n<meta property=\"og:type\" content=\"article\" \/>\n<meta property=\"og:title\" content=\"Harry Potter amigurimi - Las manos de Ana\" \/>\n<meta property=\"og:description\" content=\"Consigue tu propio mu\u00f1eco de Harry Potter amigurumi. Una adorable versi\u00f3n tejida del famoso mago, ideal para coleccionar o regalar a cualquier fan de la saga.\" \/>\n<meta property=\"og:url\" content=\"https:\/\/lasmanosdeana.com\/index.php\/producto\/harry-potter-amigurimi\/\" \/>\n<meta property=\"og:site_name\" content=\"Las manos de Ana\" \/>\n<meta property=\"article:publisher\" content=\"https:\/\/es-la.facebook.com\/lasmanosdeanita\/\" \/>\n<meta property=\"article:modified_time\" content=\"2023-04-08T08:51:14+00:00\" \/>\n<meta property=\"og:image\" content=\"https:\/\/lasmanosdeana.com\/wp-content\/uploads\/2022\/10\/IMG_20221005_172452-scaled.jpg\" \/>\n\t<meta property=\"og:image:width\" content=\"1922\" \/>\n\t<meta property=\"og:image:height\" content=\"2560\" \/>\n\t<meta property=\"og:image:type\" content=\"image\/jpeg\" \/>\n<meta name=\"twitter:card\" content=\"summary_large_image\" \/>\n<meta name=\"twitter:label1\" content=\"Tiempo de lectura\" \/>\n\t<meta name=\"twitter:data1\" content=\"1 minuto\" \/>\n<script type=\"application\/ld+json\" class=\"yoast-schema-graph\">{\"@context\":\"https:\/\/schema.org\",\"@graph\":[{\"@type\":\"WebPage\",\"@id\":\"https:\/\/lasmanosdeana.com\/index.php\/producto\/harry-potter-amigurimi\/\",\"url\":\"https:\/\/lasmanosdeana.com\/index.php\/producto\/harry-potter-amigurimi\/\",\"name\":\"Harry Potter amigurimi - Las manos de Ana\",\"isPartOf\":{\"@id\":\"https:\/\/lasmanosdeana.com\/#website\"},\"primaryImageOfPage\":{\"@id\":\"https:\/\/lasmanosdeana.com\/index.php\/producto\/harry-potter-amigurimi\/#primaryimage\"},\"image\":{\"@id\":\"https:\/\/lasmanosdeana.com\/index.php\/producto\/harry-potter-amigurimi\/#primaryimage\"},\"thumbnailUrl\":\"https:\/\/lasmanosdeana.com\/wp-content\/uploads\/2022\/10\/IMG_20221005_172452-scaled.jpg\",\"datePublished\":\"2022-10-10T13:52:58+00:00\",\"dateModified\":\"2023-04-08T08:51:14+00:00\",\"description\":\"Consigue tu propio mu\u00f1eco de Harry Potter amigurumi. Una adorable versi\u00f3n tejida del famoso mago, ideal para coleccionar o regalar a cualquier fan de la saga.\",\"breadcrumb\":{\"@id\":\"https:\/\/lasmanosdeana.com\/index.php\/producto\/harry-potter-amigurimi\/#breadcrumb\"},\"inLanguage\":\"es\",\"potentialAction\":[{\"@type\":\"ReadAction\",\"target\":[\"https:\/\/lasmanosdeana.com\/index.php\/producto\/harry-potter-amigurimi\/\"]}]},{\"@type\":\"ImageObject\",\"inLanguage\":\"es\",\"@id\":\"https:\/\/lasmanosdeana.com\/index.php\/producto\/harry-potter-amigurimi\/#primaryimage\",\"url\":\"https:\/\/lasmanosdeana.com\/wp-content\/uploads\/2022\/10\/IMG_20221005_172452-scaled.jpg\",\"contentUrl\":\"https:\/\/lasmanosdeana.com\/wp-content\/uploads\/2022\/10\/IMG_20221005_172452-scaled.jpg\",\"width\":1922,\"height\":2560},{\"@type\":\"BreadcrumbList\",\"@id\":\"https:\/\/lasmanosdeana.com\/index.php\/producto\/harry-potter-amigurimi\/#breadcrumb\",\"itemListElement\":[{\"@type\":\"ListItem\",\"position\":1,\"name\":\"Portada\",\"item\":\"https:\/\/lasmanosdeana.com\/\"},{\"@type\":\"ListItem\",\"position\":2,\"name\":\"Tienda\",\"item\":\"https:\/\/lasmanosdeana.com\/index.php\/shop\/\"},{\"@type\":\"ListItem\",\"position\":3,\"name\":\"Harry Potter amigurimi\"}]},{\"@type\":\"WebSite\",\"@id\":\"https:\/\/lasmanosdeana.com\/#website\",\"url\":\"https:\/\/lasmanosdeana.com\/\",\"name\":\"Las manos de Ana\",\"description\":\"\",\"publisher\":{\"@id\":\"https:\/\/lasmanosdeana.com\/#organization\"},\"potentialAction\":[{\"@type\":\"SearchAction\",\"target\":{\"@type\":\"EntryPoint\",\"urlTemplate\":\"https:\/\/lasmanosdeana.com\/?s={search_term_string}\"},\"query-input\":{\"@type\":\"PropertyValueSpecification\",\"valueRequired\":true,\"valueName\":\"search_term_string\"}}],\"inLanguage\":\"es\"},{\"@type\":\"Organization\",\"@id\":\"https:\/\/lasmanosdeana.com\/#organization\",\"name\":\"Las manos de ana\",\"url\":\"https:\/\/lasmanosdeana.com\/\",\"logo\":{\"@type\":\"ImageObject\",\"inLanguage\":\"es\",\"@id\":\"https:\/\/lasmanosdeana.com\/#\/schema\/logo\/image\/\",\"url\":\"https:\/\/lasmanosdeana.com\/wp-content\/uploads\/2022\/09\/logo01.jpg\",\"contentUrl\":\"https:\/\/lasmanosdeana.com\/wp-content\/uploads\/2022\/09\/logo01.jpg\",\"width\":1080,\"height\":1349,\"caption\":\"Las manos de ana\"},\"image\":{\"@id\":\"https:\/\/lasmanosdeana.com\/#\/schema\/logo\/image\/\"},\"sameAs\":[\"https:\/\/es-la.facebook.com\/lasmanosdeanita\/\"]}]}<\/script>\n<!-- \/ Yoast SEO plugin. -->","yoast_head_json":{"title":"Harry Potter amigurimi - Las manos de Ana","description":"Consigue tu propio mu\u00f1eco de Harry Potter amigurumi. Una adorable versi\u00f3n tejida del famoso mago, ideal para coleccionar o regalar a cualquier fan de la saga.","robots":{"index":"index","follow":"follow","max-snippet":"max-snippet:-1","max-image-preview":"max-image-preview:large","max-video-preview":"max-video-preview:-1"},"canonical":"https:\/\/lasmanosdeana.com\/index.php\/producto\/harry-potter-amigurimi\/","og_locale":"es_ES","og_type":"article","og_title":"Harry Potter amigurimi - Las manos de Ana","og_description":"Consigue tu propio mu\u00f1eco de Harry Potter amigurumi. Una adorable versi\u00f3n tejida del famoso mago, ideal para coleccionar o regalar a cualquier fan de la saga.","og_url":"https:\/\/lasmanosdeana.com\/index.php\/producto\/harry-potter-amigurimi\/","og_site_name":"Las manos de Ana","article_publisher":"https:\/\/es-la.facebook.com\/lasmanosdeanita\/","article_modified_time":"2023-04-08T08:51:14+00:00","og_image":[{"width":1922,"height":2560,"url":"https:\/\/lasmanosdeana.com\/wp-content\/uploads\/2022\/10\/IMG_20221005_172452-scaled.jpg","type":"image\/jpeg"}],"twitter_card":"summary_large_image","twitter_misc":{"Tiempo de lectura":"1 minuto"},"schema":{"@context":"https:\/\/schema.org","@graph":[{"@type":"WebPage","@id":"https:\/\/lasmanosdeana.com\/index.php\/producto\/harry-potter-amigurimi\/","url":"https:\/\/lasmanosdeana.com\/index.php\/producto\/harry-potter-amigurimi\/","name":"Harry Potter amigurimi - Las manos de Ana","isPartOf":{"@id":"https:\/\/lasmanosdeana.com\/#website"},"primaryImageOfPage":{"@id":"https:\/\/lasmanosdeana.com\/index.php\/producto\/harry-potter-amigurimi\/#primaryimage"},"image":{"@id":"https:\/\/lasmanosdeana.com\/index.php\/producto\/harry-potter-amigurimi\/#primaryimage"},"thumbnailUrl":"https:\/\/lasmanosdeana.com\/wp-content\/uploads\/2022\/10\/IMG_20221005_172452-scaled.jpg","datePublished":"2022-10-10T13:52:58+00:00","dateModified":"2023-04-08T08:51:14+00:00","description":"Consigue tu propio mu\u00f1eco de Harry Potter amigurumi. Una adorable versi\u00f3n tejida del famoso mago, ideal para coleccionar o regalar a cualquier fan de la saga.","breadcrumb":{"@id":"https:\/\/lasmanosdeana.com\/index.php\/producto\/harry-potter-amigurimi\/#breadcrumb"},"inLanguage":"es","potentialAction":[{"@type":"ReadAction","target":["https:\/\/lasmanosdeana.com\/index.php\/producto\/harry-potter-amigurimi\/"]}]},{"@type":"ImageObject","inLanguage":"es","@id":"https:\/\/lasmanosdeana.com\/index.php\/producto\/harry-potter-amigurimi\/#primaryimage","url":"https:\/\/lasmanosdeana.com\/wp-content\/uploads\/2022\/10\/IMG_20221005_172452-scaled.jpg","contentUrl":"https:\/\/lasmanosdeana.com\/wp-content\/uploads\/2022\/10\/IMG_20221005_172452-scaled.jpg","width":1922,"height":2560},{"@type":"BreadcrumbList","@id":"https:\/\/lasmanosdeana.com\/index.php\/producto\/harry-potter-amigurimi\/#breadcrumb","itemListElement":[{"@type":"ListItem","position":1,"name":"Portada","item":"https:\/\/lasmanosdeana.com\/"},{"@type":"ListItem","position":2,"name":"Tienda","item":"https:\/\/lasmanosdeana.com\/index.php\/shop\/"},{"@type":"ListItem","position":3,"name":"Harry Potter amigurimi"}]},{"@type":"WebSite","@id":"https:\/\/lasmanosdeana.com\/#website","url":"https:\/\/lasmanosdeana.com\/","name":"Las manos de Ana","description":"","publisher":{"@id":"https:\/\/lasmanosdeana.com\/#organization"},"potentialAction":[{"@type":"SearchAction","target":{"@type":"EntryPoint","urlTemplate":"https:\/\/lasmanosdeana.com\/?s={search_term_string}"},"query-input":{"@type":"PropertyValueSpecification","valueRequired":true,"valueName":"search_term_string"}}],"inLanguage":"es"},{"@type":"Organization","@id":"https:\/\/lasmanosdeana.com\/#organization","name":"Las manos de ana","url":"https:\/\/lasmanosdeana.com\/","logo":{"@type":"ImageObject","inLanguage":"es","@id":"https:\/\/lasmanosdeana.com\/#\/schema\/logo\/image\/","url":"https:\/\/lasmanosdeana.com\/wp-content\/uploads\/2022\/09\/logo01.jpg","contentUrl":"https:\/\/lasmanosdeana.com\/wp-content\/uploads\/2022\/09\/logo01.jpg","width":1080,"height":1349,"caption":"Las manos de ana"},"image":{"@id":"https:\/\/lasmanosdeana.com\/#\/schema\/logo\/image\/"},"sameAs":["https:\/\/es-la.facebook.com\/lasmanosdeanita\/"]}]}},"_links":{"self":[{"href":"https:\/\/lasmanosdeana.com\/index.php\/wp-json\/wp\/v2\/product\/3118","targetHints":{"allow":["GET"]}}],"collection":[{"href":"https:\/\/lasmanosdeana.com\/index.php\/wp-json\/wp\/v2\/product"}],"about":[{"href":"https:\/\/lasmanosdeana.com\/index.php\/wp-json\/wp\/v2\/types\/product"}],"replies":[{"embeddable":true,"href":"https:\/\/lasmanosdeana.com\/index.php\/wp-json\/wp\/v2\/comments?post=3118"}],"wp:featuredmedia":[{"embeddable":true,"href":"https:\/\/lasmanosdeana.com\/index.php\/wp-json\/wp\/v2\/media\/3120"}],"wp:attachment":[{"href":"https:\/\/lasmanosdeana.com\/index.php\/wp-json\/wp\/v2\/media?parent=3118"}],"wp:term":[{"taxonomy":"product_brand","embeddable":true,"href":"https:\/\/lasmanosdeana.com\/index.php\/wp-json\/wp\/v2\/product_brand?post=3118"},{"taxonomy":"product_cat","embeddable":true,"href":"https:\/\/lasmanosdeana.com\/index.php\/wp-json\/wp\/v2\/product_cat?post=3118"},{"taxonomy":"product_tag","embeddable":true,"href":"https:\/\/lasmanosdeana.com\/index.php\/wp-json\/wp\/v2\/product_tag?post=3118"}],"curies":[{"name":"wp","href":"https:\/\/api.w.org\/{rel}","templated":true}]}}