{"id":3144,"date":"2022-10-10T16:23:19","date_gmt":"2022-10-10T14:23:19","guid":{"rendered":"https:\/\/lasmanosdeana.com\/?post_type=product&#038;p=3144"},"modified":"2023-02-28T20:34:31","modified_gmt":"2023-02-28T19:34:31","slug":"princesa-cenicienta","status":"publish","type":"product","link":"https:\/\/lasmanosdeana.com\/index.php\/producto\/princesa-cenicienta\/","title":{"rendered":"Princesa Cenicienta"},"content":{"rendered":"<p>\u00a1Prep\u00e1rate para un cuento de hadas hecho realidad! Con nuestro amigurumi de la Princesa Cenicienta, podr\u00e1s llevar a casa a la princesa m\u00e1s querida de todos los tiempos. Con sus hermosos vestidos azules y sus zapatillas de cristal, esta encantadora figura de Cenicienta es el complemento perfecto para cualquier colecci\u00f3n de amigurumis.<\/p>\n<p>Hecha a mano con amor y cuidado, cada detalle de nuestro amigurumi de Cenicienta est\u00e1 meticulosamente dise\u00f1ado para asegurar que sea lo m\u00e1s cercano posible al personaje original. Desde su cabello rubio, hasta sus ojos azules, y su cl\u00e1sico vestido de princesa, nuestro amigurumi de Cenicienta es el regalo perfecto para cualquier fan\u00e1tico de Disney.<\/p>\n<p>No solo es un regalo encantador para los amantes de los cuentos de hadas, sino que tambi\u00e9n es una excelente opci\u00f3n para ni\u00f1os y adultos por igual. Hecho con materiales de alta calidad y relleno suave, nuestro amigurumi de Cenicienta es seguro para que los ni\u00f1os jueguen y abracen, y tambi\u00e9n es un elemento decorativo impresionante para cualquier habitaci\u00f3n tem\u00e1tica de Disney.<\/p>\n<p>Celebra la magia de Disney con nuestro amigurumi de la Princesa Cenicienta y deja que te lleve a un mundo de cuentos de hadas donde los sue\u00f1os se hacen realidad. \u00a1Cons\u00edguelo ahora y a\u00f1ade un toque m\u00e1gico a tu colecci\u00f3n de amigurumis!<\/p>\n","protected":false},"excerpt":{"rendered":"<p>\u00a1Prep\u00e1rate para un cuento de hadas hecho realidad! Con nuestro amigurumi de la Princesa Cenicienta, podr\u00e1s llevar a casa a la princesa m\u00e1s querida de todos los tiempos. Con sus hermosos vestidos azules y sus zapatillas de cristal, esta encantadora figura de Cenicienta es el complemento perfecto para cualquier colecci\u00f3n de amigurumis. Hecha a mano [&hellip;]<\/p>\n","protected":false},"featured_media":3146,"comment_status":"closed","ping_status":"closed","template":"","meta":{"_monsterinsights_skip_tracking":false,"_monsterinsights_sitenote_active":false,"_monsterinsights_sitenote_note":"","_monsterinsights_sitenote_category":0},"product_brand":[],"product_cat":[81],"product_tag":[],"class_list":{"0":"post-3144","1":"product","2":"type-product","3":"status-publish","4":"has-post-thumbnail","6":"product_cat-amigurimis","8":"first","9":"instock","10":"sale","11":"featured","12":"shipping-taxable","13":"purchasable","14":"product-type-simple"},"yoast_head":"<!-- This site is optimized with the Yoast SEO plugin v27.1.1 - https:\/\/yoast.com\/product\/yoast-seo-wordpress\/ -->\n<title>Princesa Cenicienta - Las manos de Ana<\/title>\n<meta name=\"robots\" content=\"index, follow, max-snippet:-1, max-image-preview:large, max-video-preview:-1\" \/>\n<link rel=\"canonical\" href=\"https:\/\/lasmanosdeana.com\/index.php\/producto\/princesa-cenicienta\/\" \/>\n<meta property=\"og:locale\" content=\"es_ES\" \/>\n<meta property=\"og:type\" content=\"article\" \/>\n<meta property=\"og:title\" content=\"Princesa Cenicienta - Las manos de Ana\" \/>\n<meta property=\"og:description\" content=\"\u00a1Prep\u00e1rate para un cuento de hadas hecho realidad! Con nuestro amigurumi de la Princesa Cenicienta, podr\u00e1s llevar a casa a la princesa m\u00e1s querida de todos los tiempos. Con sus hermosos vestidos azules y sus zapatillas de cristal, esta encantadora figura de Cenicienta es el complemento perfecto para cualquier colecci\u00f3n de amigurumis. Hecha a mano [&hellip;]\" \/>\n<meta property=\"og:url\" content=\"https:\/\/lasmanosdeana.com\/index.php\/producto\/princesa-cenicienta\/\" \/>\n<meta property=\"og:site_name\" content=\"Las manos de Ana\" \/>\n<meta property=\"article:publisher\" content=\"https:\/\/es-la.facebook.com\/lasmanosdeanita\/\" \/>\n<meta property=\"article:modified_time\" content=\"2023-02-28T19:34:31+00:00\" \/>\n<meta property=\"og:image\" content=\"https:\/\/lasmanosdeana.com\/wp-content\/uploads\/2022\/10\/IMG_20221005_172401-scaled.jpg\" \/>\n\t<meta property=\"og:image:width\" content=\"1922\" \/>\n\t<meta property=\"og:image:height\" content=\"2560\" \/>\n\t<meta property=\"og:image:type\" content=\"image\/jpeg\" \/>\n<meta name=\"twitter:card\" content=\"summary_large_image\" \/>\n<meta name=\"twitter:label1\" content=\"Tiempo de lectura\" \/>\n\t<meta name=\"twitter:data1\" content=\"1 minuto\" \/>\n<script type=\"application\/ld+json\" class=\"yoast-schema-graph\">{\"@context\":\"https:\/\/schema.org\",\"@graph\":[{\"@type\":\"WebPage\",\"@id\":\"https:\/\/lasmanosdeana.com\/index.php\/producto\/princesa-cenicienta\/\",\"url\":\"https:\/\/lasmanosdeana.com\/index.php\/producto\/princesa-cenicienta\/\",\"name\":\"Princesa Cenicienta - Las manos de Ana\",\"isPartOf\":{\"@id\":\"https:\/\/lasmanosdeana.com\/#website\"},\"primaryImageOfPage\":{\"@id\":\"https:\/\/lasmanosdeana.com\/index.php\/producto\/princesa-cenicienta\/#primaryimage\"},\"image\":{\"@id\":\"https:\/\/lasmanosdeana.com\/index.php\/producto\/princesa-cenicienta\/#primaryimage\"},\"thumbnailUrl\":\"https:\/\/lasmanosdeana.com\/wp-content\/uploads\/2022\/10\/IMG_20221005_172401-scaled.jpg\",\"datePublished\":\"2022-10-10T14:23:19+00:00\",\"dateModified\":\"2023-02-28T19:34:31+00:00\",\"breadcrumb\":{\"@id\":\"https:\/\/lasmanosdeana.com\/index.php\/producto\/princesa-cenicienta\/#breadcrumb\"},\"inLanguage\":\"es\",\"potentialAction\":[{\"@type\":\"ReadAction\",\"target\":[\"https:\/\/lasmanosdeana.com\/index.php\/producto\/princesa-cenicienta\/\"]}]},{\"@type\":\"ImageObject\",\"inLanguage\":\"es\",\"@id\":\"https:\/\/lasmanosdeana.com\/index.php\/producto\/princesa-cenicienta\/#primaryimage\",\"url\":\"https:\/\/lasmanosdeana.com\/wp-content\/uploads\/2022\/10\/IMG_20221005_172401-scaled.jpg\",\"contentUrl\":\"https:\/\/lasmanosdeana.com\/wp-content\/uploads\/2022\/10\/IMG_20221005_172401-scaled.jpg\",\"width\":1922,\"height\":2560},{\"@type\":\"BreadcrumbList\",\"@id\":\"https:\/\/lasmanosdeana.com\/index.php\/producto\/princesa-cenicienta\/#breadcrumb\",\"itemListElement\":[{\"@type\":\"ListItem\",\"position\":1,\"name\":\"Portada\",\"item\":\"https:\/\/lasmanosdeana.com\/\"},{\"@type\":\"ListItem\",\"position\":2,\"name\":\"Tienda\",\"item\":\"https:\/\/lasmanosdeana.com\/index.php\/shop\/\"},{\"@type\":\"ListItem\",\"position\":3,\"name\":\"Princesa Cenicienta\"}]},{\"@type\":\"WebSite\",\"@id\":\"https:\/\/lasmanosdeana.com\/#website\",\"url\":\"https:\/\/lasmanosdeana.com\/\",\"name\":\"Las manos de Ana\",\"description\":\"\",\"publisher\":{\"@id\":\"https:\/\/lasmanosdeana.com\/#organization\"},\"potentialAction\":[{\"@type\":\"SearchAction\",\"target\":{\"@type\":\"EntryPoint\",\"urlTemplate\":\"https:\/\/lasmanosdeana.com\/?s={search_term_string}\"},\"query-input\":{\"@type\":\"PropertyValueSpecification\",\"valueRequired\":true,\"valueName\":\"search_term_string\"}}],\"inLanguage\":\"es\"},{\"@type\":\"Organization\",\"@id\":\"https:\/\/lasmanosdeana.com\/#organization\",\"name\":\"Las manos de ana\",\"url\":\"https:\/\/lasmanosdeana.com\/\",\"logo\":{\"@type\":\"ImageObject\",\"inLanguage\":\"es\",\"@id\":\"https:\/\/lasmanosdeana.com\/#\/schema\/logo\/image\/\",\"url\":\"https:\/\/lasmanosdeana.com\/wp-content\/uploads\/2022\/09\/logo01.jpg\",\"contentUrl\":\"https:\/\/lasmanosdeana.com\/wp-content\/uploads\/2022\/09\/logo01.jpg\",\"width\":1080,\"height\":1349,\"caption\":\"Las manos de ana\"},\"image\":{\"@id\":\"https:\/\/lasmanosdeana.com\/#\/schema\/logo\/image\/\"},\"sameAs\":[\"https:\/\/es-la.facebook.com\/lasmanosdeanita\/\"]}]}<\/script>\n<!-- \/ Yoast SEO plugin. -->","yoast_head_json":{"title":"Princesa Cenicienta - Las manos de Ana","robots":{"index":"index","follow":"follow","max-snippet":"max-snippet:-1","max-image-preview":"max-image-preview:large","max-video-preview":"max-video-preview:-1"},"canonical":"https:\/\/lasmanosdeana.com\/index.php\/producto\/princesa-cenicienta\/","og_locale":"es_ES","og_type":"article","og_title":"Princesa Cenicienta - Las manos de Ana","og_description":"\u00a1Prep\u00e1rate para un cuento de hadas hecho realidad! Con nuestro amigurumi de la Princesa Cenicienta, podr\u00e1s llevar a casa a la princesa m\u00e1s querida de todos los tiempos. Con sus hermosos vestidos azules y sus zapatillas de cristal, esta encantadora figura de Cenicienta es el complemento perfecto para cualquier colecci\u00f3n de amigurumis. Hecha a mano [&hellip;]","og_url":"https:\/\/lasmanosdeana.com\/index.php\/producto\/princesa-cenicienta\/","og_site_name":"Las manos de Ana","article_publisher":"https:\/\/es-la.facebook.com\/lasmanosdeanita\/","article_modified_time":"2023-02-28T19:34:31+00:00","og_image":[{"width":1922,"height":2560,"url":"https:\/\/lasmanosdeana.com\/wp-content\/uploads\/2022\/10\/IMG_20221005_172401-scaled.jpg","type":"image\/jpeg"}],"twitter_card":"summary_large_image","twitter_misc":{"Tiempo de lectura":"1 minuto"},"schema":{"@context":"https:\/\/schema.org","@graph":[{"@type":"WebPage","@id":"https:\/\/lasmanosdeana.com\/index.php\/producto\/princesa-cenicienta\/","url":"https:\/\/lasmanosdeana.com\/index.php\/producto\/princesa-cenicienta\/","name":"Princesa Cenicienta - Las manos de Ana","isPartOf":{"@id":"https:\/\/lasmanosdeana.com\/#website"},"primaryImageOfPage":{"@id":"https:\/\/lasmanosdeana.com\/index.php\/producto\/princesa-cenicienta\/#primaryimage"},"image":{"@id":"https:\/\/lasmanosdeana.com\/index.php\/producto\/princesa-cenicienta\/#primaryimage"},"thumbnailUrl":"https:\/\/lasmanosdeana.com\/wp-content\/uploads\/2022\/10\/IMG_20221005_172401-scaled.jpg","datePublished":"2022-10-10T14:23:19+00:00","dateModified":"2023-02-28T19:34:31+00:00","breadcrumb":{"@id":"https:\/\/lasmanosdeana.com\/index.php\/producto\/princesa-cenicienta\/#breadcrumb"},"inLanguage":"es","potentialAction":[{"@type":"ReadAction","target":["https:\/\/lasmanosdeana.com\/index.php\/producto\/princesa-cenicienta\/"]}]},{"@type":"ImageObject","inLanguage":"es","@id":"https:\/\/lasmanosdeana.com\/index.php\/producto\/princesa-cenicienta\/#primaryimage","url":"https:\/\/lasmanosdeana.com\/wp-content\/uploads\/2022\/10\/IMG_20221005_172401-scaled.jpg","contentUrl":"https:\/\/lasmanosdeana.com\/wp-content\/uploads\/2022\/10\/IMG_20221005_172401-scaled.jpg","width":1922,"height":2560},{"@type":"BreadcrumbList","@id":"https:\/\/lasmanosdeana.com\/index.php\/producto\/princesa-cenicienta\/#breadcrumb","itemListElement":[{"@type":"ListItem","position":1,"name":"Portada","item":"https:\/\/lasmanosdeana.com\/"},{"@type":"ListItem","position":2,"name":"Tienda","item":"https:\/\/lasmanosdeana.com\/index.php\/shop\/"},{"@type":"ListItem","position":3,"name":"Princesa Cenicienta"}]},{"@type":"WebSite","@id":"https:\/\/lasmanosdeana.com\/#website","url":"https:\/\/lasmanosdeana.com\/","name":"Las manos de Ana","description":"","publisher":{"@id":"https:\/\/lasmanosdeana.com\/#organization"},"potentialAction":[{"@type":"SearchAction","target":{"@type":"EntryPoint","urlTemplate":"https:\/\/lasmanosdeana.com\/?s={search_term_string}"},"query-input":{"@type":"PropertyValueSpecification","valueRequired":true,"valueName":"search_term_string"}}],"inLanguage":"es"},{"@type":"Organization","@id":"https:\/\/lasmanosdeana.com\/#organization","name":"Las manos de ana","url":"https:\/\/lasmanosdeana.com\/","logo":{"@type":"ImageObject","inLanguage":"es","@id":"https:\/\/lasmanosdeana.com\/#\/schema\/logo\/image\/","url":"https:\/\/lasmanosdeana.com\/wp-content\/uploads\/2022\/09\/logo01.jpg","contentUrl":"https:\/\/lasmanosdeana.com\/wp-content\/uploads\/2022\/09\/logo01.jpg","width":1080,"height":1349,"caption":"Las manos de ana"},"image":{"@id":"https:\/\/lasmanosdeana.com\/#\/schema\/logo\/image\/"},"sameAs":["https:\/\/es-la.facebook.com\/lasmanosdeanita\/"]}]}},"_links":{"self":[{"href":"https:\/\/lasmanosdeana.com\/index.php\/wp-json\/wp\/v2\/product\/3144","targetHints":{"allow":["GET"]}}],"collection":[{"href":"https:\/\/lasmanosdeana.com\/index.php\/wp-json\/wp\/v2\/product"}],"about":[{"href":"https:\/\/lasmanosdeana.com\/index.php\/wp-json\/wp\/v2\/types\/product"}],"replies":[{"embeddable":true,"href":"https:\/\/lasmanosdeana.com\/index.php\/wp-json\/wp\/v2\/comments?post=3144"}],"wp:featuredmedia":[{"embeddable":true,"href":"https:\/\/lasmanosdeana.com\/index.php\/wp-json\/wp\/v2\/media\/3146"}],"wp:attachment":[{"href":"https:\/\/lasmanosdeana.com\/index.php\/wp-json\/wp\/v2\/media?parent=3144"}],"wp:term":[{"taxonomy":"product_brand","embeddable":true,"href":"https:\/\/lasmanosdeana.com\/index.php\/wp-json\/wp\/v2\/product_brand?post=3144"},{"taxonomy":"product_cat","embeddable":true,"href":"https:\/\/lasmanosdeana.com\/index.php\/wp-json\/wp\/v2\/product_cat?post=3144"},{"taxonomy":"product_tag","embeddable":true,"href":"https:\/\/lasmanosdeana.com\/index.php\/wp-json\/wp\/v2\/product_tag?post=3144"}],"curies":[{"name":"wp","href":"https:\/\/api.w.org\/{rel}","templated":true}]}}